{"id":5825,"date":"2023-07-23T19:39:08","date_gmt":"2023-07-23T16:39:08","guid":{"rendered":"https:\/\/beautytour.ee\/ilmainen-konsultointi\/kiitokset\/"},"modified":"2023-09-19T11:35:07","modified_gmt":"2023-09-19T08:35:07","slug":"kiitokset","status":"publish","type":"page","link":"https:\/\/beautytour.ee\/fi\/ilmainen-konsultointi\/kiitokset\/","title":{"rendered":"Kiitokset"},"content":{"rendered":"<style>.elementor-5825 .elementor-element.elementor-element-67da43e{transition:background 0.3s, border 0.3s, border-radius 0.3s, box-shadow 0.3s;}.elementor-5825 .elementor-element.elementor-element-67da43e > .elementor-background-overlay{transition:background 0.3s, border-radius 0.3s, opacity 0.3s;}.elementor-bc-flex-widget .elementor-5825 .elementor-element.elementor-element-2fb20fa6.elementor-column .elementor-widget-wrap{align-items:flex-end;}.elementor-5825 .elementor-element.elementor-element-2fb20fa6.elementor-column.elementor-element[data-element_type=\"column\"] > .elementor-widget-wrap.elementor-element-populated{align-content:flex-end;align-items:flex-end;}.elementor-5825 .elementor-element.elementor-element-2fb20fa6:not(.elementor-motion-effects-element-type-background) > .elementor-widget-wrap, .elementor-5825 .elementor-element.elementor-element-2fb20fa6 > .elementor-widget-wrap > .elementor-motion-effects-container > .elementor-motion-effects-layer{background-image:url(\"https:\/\/beautytour.ee\/wp-content\/uploads\/2023\/05\/pexels-karolina-grabowska-7195120-1-scaled-e1685451008650.jpg\");background-position:78% 0px;background-repeat:no-repeat;background-size:cover;}.elementor-5825 .elementor-element.elementor-element-2fb20fa6 > .elementor-element-populated >  .elementor-background-overlay{opacity:0.5;}.elementor-5825 .elementor-element.elementor-element-2fb20fa6 > .elementor-element-populated, .elementor-5825 .elementor-element.elementor-element-2fb20fa6 > .elementor-element-populated > .elementor-background-overlay, .elementor-5825 .elementor-element.elementor-element-2fb20fa6 > .elementor-background-slideshow{border-radius:0px 0px 0px 0px;}.elementor-5825 .elementor-element.elementor-element-2fb20fa6 > .elementor-element-populated{transition:background 0.3s, border 0.3s, border-radius 0.3s, box-shadow 0.3s;padding:0px 0px 0px 0px;}.elementor-5825 .elementor-element.elementor-element-2fb20fa6 > .elementor-element-populated > .elementor-background-overlay{transition:background 0.3s, border-radius 0.3s, opacity 0.3s;}.elementor-5825 .elementor-element.elementor-element-427b3bec{--spacer-size:389px;}.elementor-5825 .elementor-element.elementor-element-66a1ca11:not(.elementor-motion-effects-element-type-background) > .elementor-widget-wrap, .elementor-5825 .elementor-element.elementor-element-66a1ca11 > .elementor-widget-wrap > .elementor-motion-effects-container > .elementor-motion-effects-layer{background-color:transparent;background-image:linear-gradient(180deg, var( --e-global-color-primary ) 94%, #FFFFFF00 73%);}.elementor-5825 .elementor-element.elementor-element-66a1ca11 > .elementor-element-populated >  .elementor-background-overlay{opacity:0.07;}.elementor-5825 .elementor-element.elementor-element-66a1ca11 > .elementor-element-populated{transition:background 0.3s, border 0.3s, border-radius 0.3s, box-shadow 0.3s;margin:0px 0px 0px 0px;--e-column-margin-right:0px;--e-column-margin-left:0px;padding:15% 15% 20% 15%;}.elementor-5825 .elementor-element.elementor-element-66a1ca11 > .elementor-element-populated > .elementor-background-overlay{transition:background 0.3s, border-radius 0.3s, opacity 0.3s;}.elementor-5825 .elementor-element.elementor-element-79d05074 .elementor-heading-title{font-family:var( --e-global-typography-0d5454c-font-family ), Sans-serif;font-size:var( --e-global-typography-0d5454c-font-size );font-weight:var( --e-global-typography-0d5454c-font-weight );line-height:var( --e-global-typography-0d5454c-line-height );letter-spacing:var( --e-global-typography-0d5454c-letter-spacing );word-spacing:var( --e-global-typography-0d5454c-word-spacing );color:var( --e-global-color-accent );}.elementor-5825 .elementor-element.elementor-element-4ce7e337{text-align:start;}.elementor-5825 .elementor-element.elementor-element-4ce7e337 .elementor-heading-title{font-family:var( --e-global-typography-secondary-font-family ), Sans-serif;font-size:var( --e-global-typography-secondary-font-size );font-weight:var( --e-global-typography-secondary-font-weight );line-height:var( --e-global-typography-secondary-line-height );color:var( --e-global-color-3eec7ca );}.elementor-5825 .elementor-element.elementor-element-4ce7e337 > .elementor-widget-container{margin:0px 0px 0px 0px;}.elementor-5825 .elementor-element.elementor-element-4e107edf{font-family:var( --e-global-typography-text-font-family ), Sans-serif;font-size:var( --e-global-typography-text-font-size );font-weight:var( --e-global-typography-text-font-weight );line-height:var( --e-global-typography-text-line-height );color:var( --e-global-color-a0b5919 );}.elementor-5825 .elementor-element.elementor-element-4e107edf > .elementor-widget-container{margin:20px 0px 0px 0px;}.elementor-5825 .elementor-element.elementor-element-e9367e8{font-family:var( --e-global-typography-text-font-family ), Sans-serif;font-size:var( --e-global-typography-text-font-size );font-weight:var( --e-global-typography-text-font-weight );line-height:var( --e-global-typography-text-line-height );color:var( --e-global-color-a0b5919 );}.elementor-5825 .elementor-element.elementor-element-e9367e8 > .elementor-widget-container{margin:20px 0px 0px 0px;}.elementor-5825 .elementor-element.elementor-element-424e9bc2 .elementor-button{font-family:var( --e-global-typography-f04d15a-font-family ), Sans-serif;font-size:var( --e-global-typography-f04d15a-font-size );font-weight:var( --e-global-typography-f04d15a-font-weight );line-height:var( --e-global-typography-f04d15a-line-height );letter-spacing:var( --e-global-typography-f04d15a-letter-spacing );word-spacing:var( --e-global-typography-f04d15a-word-spacing );fill:#FFFFFF;color:#FFFFFF;border-radius:50px 50px 50px 50px;padding:18px 32px 18px 32px;}.elementor-5825 .elementor-element.elementor-element-424e9bc2 > .elementor-widget-container{margin:40px 0px 0px 0px;}body.elementor-page-5825:not(.elementor-motion-effects-element-type-background), body.elementor-page-5825 > .elementor-motion-effects-container > .elementor-motion-effects-layer{background-color:var( --e-global-color-primary );}@media(max-width:1024px){.elementor-5825 .elementor-element.elementor-element-2fb20fa6:not(.elementor-motion-effects-element-type-background) > .elementor-widget-wrap, .elementor-5825 .elementor-element.elementor-element-2fb20fa6 > .elementor-widget-wrap > .elementor-motion-effects-container > .elementor-motion-effects-layer{background-position:0px 0px;}.elementor-5825 .elementor-element.elementor-element-66a1ca11 > .elementor-element-populated{padding:35px 35px 35px 35px;}.elementor-5825 .elementor-element.elementor-element-79d05074 .elementor-heading-title{font-size:var( --e-global-typography-0d5454c-font-size );line-height:var( --e-global-typography-0d5454c-line-height );letter-spacing:var( --e-global-typography-0d5454c-letter-spacing );word-spacing:var( --e-global-typography-0d5454c-word-spacing );}.elementor-5825 .elementor-element.elementor-element-4ce7e337 .elementor-heading-title{font-size:var( --e-global-typography-secondary-font-size );line-height:var( --e-global-typography-secondary-line-height );}.elementor-5825 .elementor-element.elementor-element-4e107edf{font-size:var( --e-global-typography-text-font-size );line-height:var( --e-global-typography-text-line-height );}.elementor-5825 .elementor-element.elementor-element-e9367e8{font-size:var( --e-global-typography-text-font-size );line-height:var( --e-global-typography-text-line-height );}.elementor-5825 .elementor-element.elementor-element-424e9bc2 .elementor-button{font-size:var( --e-global-typography-f04d15a-font-size );line-height:var( --e-global-typography-f04d15a-line-height );letter-spacing:var( --e-global-typography-f04d15a-letter-spacing );word-spacing:var( --e-global-typography-f04d15a-word-spacing );}}@media(max-width:767px){.elementor-5825 .elementor-element.elementor-element-2fb20fa6:not(.elementor-motion-effects-element-type-background) > .elementor-widget-wrap, .elementor-5825 .elementor-element.elementor-element-2fb20fa6 > .elementor-widget-wrap > .elementor-motion-effects-container > .elementor-motion-effects-layer{background-position:0px 0px;}.elementor-5825 .elementor-element.elementor-element-66a1ca11 > .elementor-element-populated{padding:40px 20px 120px 20px;}.elementor-5825 .elementor-element.elementor-element-79d05074 .elementor-heading-title{font-size:var( --e-global-typography-0d5454c-font-size );line-height:var( --e-global-typography-0d5454c-line-height );letter-spacing:var( --e-global-typography-0d5454c-letter-spacing );word-spacing:var( --e-global-typography-0d5454c-word-spacing );}.elementor-5825 .elementor-element.elementor-element-4ce7e337 .elementor-heading-title{font-size:var( --e-global-typography-secondary-font-size );line-height:var( --e-global-typography-secondary-line-height );}.elementor-5825 .elementor-element.elementor-element-4e107edf{font-size:var( --e-global-typography-text-font-size );line-height:var( --e-global-typography-text-line-height );}.elementor-5825 .elementor-element.elementor-element-4e107edf > .elementor-widget-container{margin:0px 0px 0px 0px;}.elementor-5825 .elementor-element.elementor-element-e9367e8{font-size:var( --e-global-typography-text-font-size );line-height:var( --e-global-typography-text-line-height );}.elementor-5825 .elementor-element.elementor-element-e9367e8 > .elementor-widget-container{margin:0px 0px 0px 0px;}.elementor-5825 .elementor-element.elementor-element-424e9bc2 .elementor-button{font-size:var( --e-global-typography-f04d15a-font-size );line-height:var( --e-global-typography-f04d15a-line-height );letter-spacing:var( --e-global-typography-f04d15a-letter-spacing );word-spacing:var( --e-global-typography-f04d15a-word-spacing );padding:18px 32px 18px 32px;}.elementor-5825 .elementor-element.elementor-element-424e9bc2 > .elementor-widget-container{margin:20px 0px 0px 0px;}}<\/style>\t\t<div data-elementor-type=\"wp-page\" data-elementor-id=\"5825\" class=\"elementor elementor-5825 elementor-5218\" data-elementor-post-type=\"page\">\n\t\t\t\t\t\t<section class=\"elementor-section elementor-top-section elementor-element elementor-element-67da43e elementor-section-full_width elementor-section-height-default elementor-section-height-default\" data-id=\"67da43e\" data-element_type=\"section\" data-e-type=\"section\" data-settings=\"{&quot;background_background&quot;:&quot;classic&quot;}\">\n\t\t\t\t\t\t<div class=\"elementor-container elementor-column-gap-no\">\n\t\t\t\t\t<div class=\"elementor-column elementor-col-50 elementor-top-column elementor-element elementor-element-2fb20fa6\" data-id=\"2fb20fa6\" data-element_type=\"column\" data-e-type=\"column\" data-settings=\"{&quot;background_background&quot;:&quot;classic&quot;}\">\n\t\t\t<div class=\"elementor-widget-wrap elementor-element-populated\">\n\t\t\t\t\t<div class=\"elementor-background-overlay\"><\/div>\n\t\t\t\t\t\t<div class=\"elementor-element elementor-element-427b3bec elementor-widget elementor-widget-spacer\" data-id=\"427b3bec\" data-element_type=\"widget\" data-e-type=\"widget\" data-widget_type=\"spacer.default\">\n\t\t\t\t<div class=\"elementor-widget-container\">\n\t\t\t\t\t\t\t<div class=\"elementor-spacer\">\n\t\t\t<div class=\"elementor-spacer-inner\"><\/div>\n\t\t<\/div>\n\t\t\t\t\t\t<\/div>\n\t\t\t\t<\/div>\n\t\t\t\t\t<\/div>\n\t\t<\/div>\n\t\t\t\t<div class=\"elementor-column elementor-col-50 elementor-top-column elementor-element elementor-element-66a1ca11\" data-id=\"66a1ca11\" data-element_type=\"column\" data-e-type=\"column\" data-settings=\"{&quot;background_background&quot;:&quot;gradient&quot;}\">\n\t\t\t<div class=\"elementor-widget-wrap elementor-element-populated\">\n\t\t\t\t\t<div class=\"elementor-background-overlay\"><\/div>\n\t\t\t\t\t\t<div class=\"elementor-element elementor-element-79d05074 animated-slow elementor-invisible elementor-widget elementor-widget-heading\" data-id=\"79d05074\" data-element_type=\"widget\" data-e-type=\"widget\" data-settings=\"{&quot;_animation&quot;:&quot;fadeInLeft&quot;}\" data-widget_type=\"heading.default\">\n\t\t\t\t<div class=\"elementor-widget-container\">\n\t\t\t\t\t<h5 class=\"elementor-heading-title elementor-size-default\">Kiitokset<\/h5>\t\t\t\t<\/div>\n\t\t\t\t<\/div>\n\t\t\t\t<div class=\"elementor-element elementor-element-4ce7e337 elementor-widget elementor-widget-heading\" data-id=\"4ce7e337\" data-element_type=\"widget\" data-e-type=\"widget\" data-widget_type=\"heading.default\">\n\t\t\t\t<div class=\"elementor-widget-container\">\n\t\t\t\t\t<h2 class=\"elementor-heading-title elementor-size-default\">L\u00e4\u00e4ketieteellinen kyselylomake on vastaanotettu<\/h2>\t\t\t\t<\/div>\n\t\t\t\t<\/div>\n\t\t\t\t<div class=\"elementor-element elementor-element-4e107edf elementor-widget elementor-widget-text-editor\" data-id=\"4e107edf\" data-element_type=\"widget\" data-e-type=\"widget\" data-widget_type=\"text-editor.default\">\n\t\t\t\t<div class=\"elementor-widget-container\">\n\t\t\t\t\t\t\t\t\t<p>Kun valitsemasi sairaalan plastiikkakirurgit ovat tarkastaneet vastauksesi ja laatineet alustavan arvion (mukaan lukien tarjouksen), jaamme heid\u00e4n palautteensa. Sen j\u00e4lkeen autamme sinua valmistautumaan Turkin matkaan.<\/p>\n\t\t\t\t\t\t\t\t<\/div>\n\t\t\t\t<\/div>\n\t\t\t\t<div class=\"elementor-element elementor-element-e9367e8 elementor-widget elementor-widget-text-editor\" data-id=\"e9367e8\" data-element_type=\"widget\" data-e-type=\"widget\" data-widget_type=\"text-editor.default\">\n\t\t\t\t<div class=\"elementor-widget-container\">\n\t\t\t\t\t\t\t\t\t<p>Jos sinulla on lis\u00e4kysymyksi\u00e4, \u00e4l\u00e4 ep\u00e4r\u00f6i ottaa meihin yhteytt\u00e4.<\/p>\n\t\t\t\t\t\t\t\t<\/div>\n\t\t\t\t<\/div>\n\t\t\t\t<div class=\"elementor-element elementor-element-424e9bc2 elementor-align-left elementor-mobile-align-left elementor-widget elementor-widget-button\" data-id=\"424e9bc2\" data-element_type=\"widget\" data-e-type=\"widget\" data-widget_type=\"button.default\">\n\t\t\t\t<div class=\"elementor-widget-container\">\n\t\t\t\t\t\t\t\t\t<div class=\"elementor-button-wrapper\">\n\t\t\t\t\t<a class=\"elementor-button elementor-button-link elementor-size-sm elementor-animation-float\" href=\"https:\/\/beautytour.ee\/fi\/yhteystiedot\/\">\n\t\t\t\t\t\t<span class=\"elementor-button-content-wrapper\">\n\t\t\t\t\t\t\t\t\t<span class=\"elementor-button-text\">Ota meihin yhteytt\u00e4<\/span>\n\t\t\t\t\t<\/span>\n\t\t\t\t\t<\/a>\n\t\t\t\t<\/div>\n\t\t\t\t\t\t\t\t<\/div>\n\t\t\t\t<\/div>\n\t\t\t\t\t<\/div>\n\t\t<\/div>\n\t\t\t\t\t<\/div>\n\t\t<\/section>\n\t\t\t\t<\/div>\n\t\t","protected":false},"excerpt":{"rendered":"<p>Kiitokset L\u00e4\u00e4ketieteellinen kyselylomake on vastaanotettu Kun valitsemasi sairaalan plastiikkakirurgit ovat tarkastaneet vastauksesi ja laatineet alustavan arvion (mukaan lukien tarjouksen), jaamme heid\u00e4n palautteensa. Sen j\u00e4lkeen autamme sinua valmistautumaan Turkin matkaan. Jos sinulla on lis\u00e4kysymyksi\u00e4, \u00e4l\u00e4 ep\u00e4r\u00f6i ottaa meihin yhteytt\u00e4. Ota meihin yhteytt\u00e4<\/p>\n","protected":false},"author":2,"featured_media":0,"parent":3848,"menu_order":0,"comment_status":"closed","ping_status":"closed","template":"","meta":{"footnotes":""},"class_list":["post-5825","page","type-page","status-publish","hentry"],"_links":{"self":[{"href":"https:\/\/beautytour.ee\/fi\/wp-json\/wp\/v2\/pages\/5825","targetHints":{"allow":["GET"]}}],"collection":[{"href":"https:\/\/beautytour.ee\/fi\/wp-json\/wp\/v2\/pages"}],"about":[{"href":"https:\/\/beautytour.ee\/fi\/wp-json\/wp\/v2\/types\/page"}],"author":[{"embeddable":true,"href":"https:\/\/beautytour.ee\/fi\/wp-json\/wp\/v2\/users\/2"}],"replies":[{"embeddable":true,"href":"https:\/\/beautytour.ee\/fi\/wp-json\/wp\/v2\/comments?post=5825"}],"version-history":[{"count":1,"href":"https:\/\/beautytour.ee\/fi\/wp-json\/wp\/v2\/pages\/5825\/revisions"}],"predecessor-version":[{"id":5826,"href":"https:\/\/beautytour.ee\/fi\/wp-json\/wp\/v2\/pages\/5825\/revisions\/5826"}],"up":[{"embeddable":true,"href":"https:\/\/beautytour.ee\/fi\/wp-json\/wp\/v2\/pages\/3848"}],"wp:attachment":[{"href":"https:\/\/beautytour.ee\/fi\/wp-json\/wp\/v2\/media?parent=5825"}],"curies":[{"name":"wp","href":"https:\/\/api.w.org\/{rel}","templated":true}]}}