{"id":5534,"date":"2023-08-21T14:22:36","date_gmt":"2023-08-21T11:22:36","guid":{"rendered":"https:\/\/beautytour.ee\/kiitos\/"},"modified":"2023-08-21T17:56:38","modified_gmt":"2023-08-21T14:56:38","slug":"kiitos","status":"publish","type":"page","link":"https:\/\/beautytour.ee\/fi\/kiitos\/","title":{"rendered":"Kiitos"},"content":{"rendered":"<style>.elementor-5534 .elementor-element.elementor-element-1316957{transition:background 0.3s, border 0.3s, border-radius 0.3s, box-shadow 0.3s;}.elementor-5534 .elementor-element.elementor-element-1316957 > .elementor-background-overlay{transition:background 0.3s, border-radius 0.3s, opacity 0.3s;}.elementor-bc-flex-widget .elementor-5534 .elementor-element.elementor-element-1f43eeb.elementor-column .elementor-widget-wrap{align-items:flex-end;}.elementor-5534 .elementor-element.elementor-element-1f43eeb.elementor-column.elementor-element[data-element_type=\"column\"] > .elementor-widget-wrap.elementor-element-populated{align-content:flex-end;align-items:flex-end;}.elementor-5534 .elementor-element.elementor-element-1f43eeb:not(.elementor-motion-effects-element-type-background) > .elementor-widget-wrap, .elementor-5534 .elementor-element.elementor-element-1f43eeb > .elementor-widget-wrap > .elementor-motion-effects-container > .elementor-motion-effects-layer{background-image:url(\"https:\/\/beautytour.ee\/wp-content\/uploads\/2023\/05\/pexels-karolina-grabowska-7195120-1-scaled-e1685451008650.jpg\");background-position:78% 0px;background-repeat:no-repeat;background-size:cover;}.elementor-5534 .elementor-element.elementor-element-1f43eeb > .elementor-element-populated >  .elementor-background-overlay{opacity:0.5;}.elementor-5534 .elementor-element.elementor-element-1f43eeb > .elementor-element-populated, .elementor-5534 .elementor-element.elementor-element-1f43eeb > .elementor-element-populated > .elementor-background-overlay, .elementor-5534 .elementor-element.elementor-element-1f43eeb > .elementor-background-slideshow{border-radius:0px 0px 0px 0px;}.elementor-5534 .elementor-element.elementor-element-1f43eeb > .elementor-element-populated{transition:background 0.3s, border 0.3s, border-radius 0.3s, box-shadow 0.3s;padding:0px 0px 0px 0px;}.elementor-5534 .elementor-element.elementor-element-1f43eeb > .elementor-element-populated > .elementor-background-overlay{transition:background 0.3s, border-radius 0.3s, opacity 0.3s;}.elementor-5534 .elementor-element.elementor-element-0203181{--spacer-size:389px;}.elementor-5534 .elementor-element.elementor-element-8a72632:not(.elementor-motion-effects-element-type-background) > .elementor-widget-wrap, .elementor-5534 .elementor-element.elementor-element-8a72632 > .elementor-widget-wrap > .elementor-motion-effects-container > .elementor-motion-effects-layer{background-color:transparent;background-image:linear-gradient(180deg, var( --e-global-color-primary ) 94%, #FFFFFF00 73%);}.elementor-5534 .elementor-element.elementor-element-8a72632 > .elementor-element-populated >  .elementor-background-overlay{opacity:0.07;}.elementor-5534 .elementor-element.elementor-element-8a72632 > .elementor-element-populated{transition:background 0.3s, border 0.3s, border-radius 0.3s, box-shadow 0.3s;margin:0px 0px 0px 0px;--e-column-margin-right:0px;--e-column-margin-left:0px;padding:15% 15% 20% 15%;}.elementor-5534 .elementor-element.elementor-element-8a72632 > .elementor-element-populated > .elementor-background-overlay{transition:background 0.3s, border-radius 0.3s, opacity 0.3s;}.elementor-5534 .elementor-element.elementor-element-5f5e87a .elementor-heading-title{font-family:var( --e-global-typography-0d5454c-font-family ), Sans-serif;font-size:var( --e-global-typography-0d5454c-font-size );font-weight:var( --e-global-typography-0d5454c-font-weight );line-height:var( --e-global-typography-0d5454c-line-height );letter-spacing:var( --e-global-typography-0d5454c-letter-spacing );word-spacing:var( --e-global-typography-0d5454c-word-spacing );color:var( --e-global-color-accent );}.elementor-5534 .elementor-element.elementor-element-4851bd3{text-align:start;}.elementor-5534 .elementor-element.elementor-element-4851bd3 .elementor-heading-title{font-family:var( --e-global-typography-secondary-font-family ), Sans-serif;font-size:var( --e-global-typography-secondary-font-size );font-weight:var( --e-global-typography-secondary-font-weight );line-height:var( --e-global-typography-secondary-line-height );color:var( --e-global-color-3eec7ca );}.elementor-5534 .elementor-element.elementor-element-4851bd3 > .elementor-widget-container{margin:0px 0px 0px 0px;}.elementor-5534 .elementor-element.elementor-element-bfe9cd5{font-family:var( --e-global-typography-text-font-family ), Sans-serif;font-size:var( --e-global-typography-text-font-size );font-weight:var( --e-global-typography-text-font-weight );line-height:var( --e-global-typography-text-line-height );color:var( --e-global-color-a0b5919 );}.elementor-5534 .elementor-element.elementor-element-bfe9cd5 > .elementor-widget-container{margin:20px 0px 0px 0px;}.elementor-5534 .elementor-element.elementor-element-4058237 .elementor-button{font-family:var( --e-global-typography-f04d15a-font-family ), Sans-serif;font-size:var( --e-global-typography-f04d15a-font-size );font-weight:var( --e-global-typography-f04d15a-font-weight );line-height:var( --e-global-typography-f04d15a-line-height );letter-spacing:var( --e-global-typography-f04d15a-letter-spacing );word-spacing:var( --e-global-typography-f04d15a-word-spacing );fill:#FFFFFF;color:#FFFFFF;border-radius:50px 50px 50px 50px;padding:18px 32px 18px 32px;}.elementor-5534 .elementor-element.elementor-element-4058237 > .elementor-widget-container{margin:40px 0px 0px 0px;}body.elementor-page-5534:not(.elementor-motion-effects-element-type-background), body.elementor-page-5534 > .elementor-motion-effects-container > .elementor-motion-effects-layer{background-color:var( --e-global-color-primary );}@media(max-width:1024px){.elementor-5534 .elementor-element.elementor-element-1f43eeb:not(.elementor-motion-effects-element-type-background) > .elementor-widget-wrap, .elementor-5534 .elementor-element.elementor-element-1f43eeb > .elementor-widget-wrap > .elementor-motion-effects-container > .elementor-motion-effects-layer{background-position:0px 0px;}.elementor-5534 .elementor-element.elementor-element-8a72632 > .elementor-element-populated{padding:35px 35px 35px 35px;}.elementor-5534 .elementor-element.elementor-element-5f5e87a .elementor-heading-title{font-size:var( --e-global-typography-0d5454c-font-size );line-height:var( --e-global-typography-0d5454c-line-height );letter-spacing:var( --e-global-typography-0d5454c-letter-spacing );word-spacing:var( --e-global-typography-0d5454c-word-spacing );}.elementor-5534 .elementor-element.elementor-element-4851bd3 .elementor-heading-title{font-size:var( --e-global-typography-secondary-font-size );line-height:var( --e-global-typography-secondary-line-height );}.elementor-5534 .elementor-element.elementor-element-bfe9cd5{font-size:var( --e-global-typography-text-font-size );line-height:var( --e-global-typography-text-line-height );}.elementor-5534 .elementor-element.elementor-element-4058237 .elementor-button{font-size:var( --e-global-typography-f04d15a-font-size );line-height:var( --e-global-typography-f04d15a-line-height );letter-spacing:var( --e-global-typography-f04d15a-letter-spacing );word-spacing:var( --e-global-typography-f04d15a-word-spacing );}}@media(max-width:767px){.elementor-5534 .elementor-element.elementor-element-1f43eeb:not(.elementor-motion-effects-element-type-background) > .elementor-widget-wrap, .elementor-5534 .elementor-element.elementor-element-1f43eeb > .elementor-widget-wrap > .elementor-motion-effects-container > .elementor-motion-effects-layer{background-position:0px 0px;}.elementor-5534 .elementor-element.elementor-element-8a72632 > .elementor-element-populated{padding:40px 20px 120px 20px;}.elementor-5534 .elementor-element.elementor-element-5f5e87a .elementor-heading-title{font-size:var( --e-global-typography-0d5454c-font-size );line-height:var( --e-global-typography-0d5454c-line-height );letter-spacing:var( --e-global-typography-0d5454c-letter-spacing );word-spacing:var( --e-global-typography-0d5454c-word-spacing );}.elementor-5534 .elementor-element.elementor-element-4851bd3 .elementor-heading-title{font-size:var( --e-global-typography-secondary-font-size );line-height:var( --e-global-typography-secondary-line-height );}.elementor-5534 .elementor-element.elementor-element-bfe9cd5{font-size:var( --e-global-typography-text-font-size );line-height:var( --e-global-typography-text-line-height );}.elementor-5534 .elementor-element.elementor-element-bfe9cd5 > .elementor-widget-container{margin:0px 0px 0px 0px;}.elementor-5534 .elementor-element.elementor-element-4058237 .elementor-button{font-size:var( --e-global-typography-f04d15a-font-size );line-height:var( --e-global-typography-f04d15a-line-height );letter-spacing:var( --e-global-typography-f04d15a-letter-spacing );word-spacing:var( --e-global-typography-f04d15a-word-spacing );padding:18px 32px 18px 32px;}.elementor-5534 .elementor-element.elementor-element-4058237 > .elementor-widget-container{margin:20px 0px 0px 0px;}}<\/style>\t\t<div data-elementor-type=\"wp-post\" data-elementor-id=\"5534\" class=\"elementor elementor-5534 elementor-5521\" data-elementor-post-type=\"page\">\n\t\t\t\t\t\t<section class=\"elementor-section elementor-top-section elementor-element elementor-element-1316957 elementor-section-full_width elementor-section-height-default elementor-section-height-default\" data-id=\"1316957\" data-element_type=\"section\" data-e-type=\"section\" data-settings=\"{&quot;background_background&quot;:&quot;classic&quot;}\">\n\t\t\t\t\t\t<div class=\"elementor-container elementor-column-gap-no\">\n\t\t\t\t\t<div class=\"elementor-column elementor-col-50 elementor-top-column elementor-element elementor-element-1f43eeb\" data-id=\"1f43eeb\" data-element_type=\"column\" data-e-type=\"column\" data-settings=\"{&quot;background_background&quot;:&quot;classic&quot;}\">\n\t\t\t<div class=\"elementor-widget-wrap elementor-element-populated\">\n\t\t\t\t\t<div class=\"elementor-background-overlay\"><\/div>\n\t\t\t\t\t\t<div class=\"elementor-element elementor-element-0203181 elementor-widget elementor-widget-spacer\" data-id=\"0203181\" data-element_type=\"widget\" data-e-type=\"widget\" data-widget_type=\"spacer.default\">\n\t\t\t\t<div class=\"elementor-widget-container\">\n\t\t\t\t\t\t\t<div class=\"elementor-spacer\">\n\t\t\t<div class=\"elementor-spacer-inner\"><\/div>\n\t\t<\/div>\n\t\t\t\t\t\t<\/div>\n\t\t\t\t<\/div>\n\t\t\t\t\t<\/div>\n\t\t<\/div>\n\t\t\t\t<div class=\"elementor-column elementor-col-50 elementor-top-column elementor-element elementor-element-8a72632\" data-id=\"8a72632\" data-element_type=\"column\" data-e-type=\"column\" data-settings=\"{&quot;background_background&quot;:&quot;gradient&quot;}\">\n\t\t\t<div class=\"elementor-widget-wrap elementor-element-populated\">\n\t\t\t\t\t<div class=\"elementor-background-overlay\"><\/div>\n\t\t\t\t\t\t<div class=\"elementor-element elementor-element-5f5e87a animated-slow elementor-invisible elementor-widget elementor-widget-heading\" data-id=\"5f5e87a\" data-element_type=\"widget\" data-e-type=\"widget\" data-settings=\"{&quot;_animation&quot;:&quot;fadeInLeft&quot;}\" data-widget_type=\"heading.default\">\n\t\t\t\t<div class=\"elementor-widget-container\">\n\t\t\t\t\t<h5 class=\"elementor-heading-title elementor-size-default\">Kiitos tiedustelusta<\/h5>\t\t\t\t<\/div>\n\t\t\t\t<\/div>\n\t\t\t\t<div class=\"elementor-element elementor-element-4851bd3 elementor-widget elementor-widget-heading\" data-id=\"4851bd3\" data-element_type=\"widget\" data-e-type=\"widget\" data-widget_type=\"heading.default\">\n\t\t\t\t<div class=\"elementor-widget-container\">\n\t\t\t\t\t<h2 class=\"elementor-heading-title elementor-size-default\">Vastaamme mahdollisimman pian<\/h2>\t\t\t\t<\/div>\n\t\t\t\t<\/div>\n\t\t\t\t<div class=\"elementor-element elementor-element-bfe9cd5 elementor-widget elementor-widget-text-editor\" data-id=\"bfe9cd5\" data-element_type=\"widget\" data-e-type=\"widget\" data-widget_type=\"text-editor.default\">\n\t\t\t\t<div class=\"elementor-widget-container\">\n\t\t\t\t\t\t\t\t\t<p>Ensimm\u00e4inen ja t\u00e4rkein askel onnistuneeseen lopputulokseen on tutustua potilaaseen perusteellisesti. L\u00e4\u00e4k\u00e4rimme ja koordinaattorimme k\u00e4ytt\u00e4v\u00e4t erityist\u00e4 kyselylomaketta arvioidakseen l\u00e4\u00e4ketieteellist\u00e4 soveltuvuuttasi toimenpiteeseen.<\/p>\n\t\t\t\t\t\t\t\t<\/div>\n\t\t\t\t<\/div>\n\t\t\t\t<div class=\"elementor-element elementor-element-4058237 elementor-align-left elementor-mobile-align-left elementor-widget elementor-widget-button\" data-id=\"4058237\" data-element_type=\"widget\" data-e-type=\"widget\" data-widget_type=\"button.default\">\n\t\t\t\t<div class=\"elementor-widget-container\">\n\t\t\t\t\t\t\t\t\t<div class=\"elementor-button-wrapper\">\n\t\t\t\t\t<a class=\"elementor-button elementor-button-link elementor-size-sm elementor-animation-float\" href=\"https:\/\/beautytour.ee\/fi\/ilmainen-konsultointi\/\">\n\t\t\t\t\t\t<span class=\"elementor-button-content-wrapper\">\n\t\t\t\t\t\t\t\t\t<span class=\"elementor-button-text\">T\u00e4yt\u00e4n terveyskyselylomakkeen<\/span>\n\t\t\t\t\t<\/span>\n\t\t\t\t\t<\/a>\n\t\t\t\t<\/div>\n\t\t\t\t\t\t\t\t<\/div>\n\t\t\t\t<\/div>\n\t\t\t\t\t<\/div>\n\t\t<\/div>\n\t\t\t\t\t<\/div>\n\t\t<\/section>\n\t\t\t\t<\/div>\n\t\t","protected":false},"excerpt":{"rendered":"<p>Kiitos tiedustelusta Vastaamme mahdollisimman pian Ensimm\u00e4inen ja t\u00e4rkein askel onnistuneeseen lopputulokseen on tutustua potilaaseen perusteellisesti. L\u00e4\u00e4k\u00e4rimme ja koordinaattorimme k\u00e4ytt\u00e4v\u00e4t erityist\u00e4 kyselylomaketta arvioidakseen l\u00e4\u00e4ketieteellist\u00e4 soveltuvuuttasi toimenpiteeseen. T\u00e4yt\u00e4n terveyskyselylomakkeen<\/p>\n","protected":false},"author":2,"featured_media":0,"parent":0,"menu_order":0,"comment_status":"closed","ping_status":"closed","template":"","meta":{"footnotes":""},"class_list":["post-5534","page","type-page","status-publish","hentry"],"_links":{"self":[{"href":"https:\/\/beautytour.ee\/fi\/wp-json\/wp\/v2\/pages\/5534","targetHints":{"allow":["GET"]}}],"collection":[{"href":"https:\/\/beautytour.ee\/fi\/wp-json\/wp\/v2\/pages"}],"about":[{"href":"https:\/\/beautytour.ee\/fi\/wp-json\/wp\/v2\/types\/page"}],"author":[{"embeddable":true,"href":"https:\/\/beautytour.ee\/fi\/wp-json\/wp\/v2\/users\/2"}],"replies":[{"embeddable":true,"href":"https:\/\/beautytour.ee\/fi\/wp-json\/wp\/v2\/comments?post=5534"}],"version-history":[{"count":1,"href":"https:\/\/beautytour.ee\/fi\/wp-json\/wp\/v2\/pages\/5534\/revisions"}],"predecessor-version":[{"id":5535,"href":"https:\/\/beautytour.ee\/fi\/wp-json\/wp\/v2\/pages\/5534\/revisions\/5535"}],"wp:attachment":[{"href":"https:\/\/beautytour.ee\/fi\/wp-json\/wp\/v2\/media?parent=5534"}],"curies":[{"name":"wp","href":"https:\/\/api.w.org\/{rel}","templated":true}]}}