{"id":4461,"date":"2023-04-13T16:00:37","date_gmt":"2023-04-13T13:00:37","guid":{"rendered":"https:\/\/beautytour.ee\/tietosuojakaytannot\/"},"modified":"2023-06-13T09:42:52","modified_gmt":"2023-06-13T06:42:52","slug":"tietosuojakaytannot","status":"publish","type":"page","link":"https:\/\/beautytour.ee\/fi\/tietosuojakaytannot\/","title":{"rendered":"Tietosuojak\u00e4yt\u00e4nn\u00f6t"},"content":{"rendered":"<style>.elementor-4461 .elementor-element.elementor-element-7be43611 > .elementor-container{max-width:1290px;}.elementor-4461 .elementor-element.elementor-element-7be43611 > .elementor-container > .elementor-column > .elementor-widget-wrap{align-content:center;align-items:center;}.elementor-4461 .elementor-element.elementor-element-7be43611:not(.elementor-motion-effects-element-type-background), .elementor-4461 .elementor-element.elementor-element-7be43611 > .elementor-motion-effects-container > .elementor-motion-effects-layer{background-image:url(\"https:\/\/beautytour.ee\/wp-content\/uploads\/2023\/05\/close-up-of-nurse-taking-notes-on-2021-09-03-10-35-51-utc.jpg\");background-position:bottom center;background-repeat:no-repeat;background-size:cover;}.elementor-4461 .elementor-element.elementor-element-7be43611 > .elementor-background-overlay{background-color:var( --e-global-color-primary );opacity:0.8;transition:background 0.3s, border-radius 0.3s, opacity 0.3s;}.elementor-4461 .elementor-element.elementor-element-7be43611{transition:background 0.3s, border 0.3s, border-radius 0.3s, box-shadow 0.3s;padding:120px 0px 120px 0px;}.elementor-4461 .elementor-element.elementor-element-153d3ccf .jeg-elementor-kit.jkit-post-title{text-align:center;}.elementor-4461 .elementor-element.elementor-element-153d3ccf .jeg-elementor-kit.jkit-post-title .post-title, .elementor-4461 .elementor-element.elementor-element-153d3ccf .jeg-elementor-kit.jkit-post-title .post-title a{font-family:var( --e-global-typography-secondary-font-family ), Sans-serif;font-size:var( --e-global-typography-secondary-font-size );font-weight:var( --e-global-typography-secondary-font-weight );line-height:var( --e-global-typography-secondary-line-height );}.elementor-4461 .elementor-element.elementor-element-153d3ccf .jeg-elementor-kit.jkit-post-title .post-title.style-color, .elementor-4461 .elementor-element.elementor-element-153d3ccf .jeg-elementor-kit.jkit-post-title .post-title.style-color a{color:var( --e-global-color-3eec7ca );}.elementor-4461 .elementor-element.elementor-element-33075f38 > .elementor-container{max-width:1290px;}.elementor-4461 .elementor-element.elementor-element-33075f38 > .elementor-background-overlay{opacity:0.07;}.elementor-4461 .elementor-element.elementor-element-33075f38{padding:100px 0px 100px 0px;z-index:2;}.elementor-4461 .elementor-element.elementor-element-42b8e30f:not(.elementor-motion-effects-element-type-background) > .elementor-widget-wrap, .elementor-4461 .elementor-element.elementor-element-42b8e30f > .elementor-widget-wrap > .elementor-motion-effects-container > .elementor-motion-effects-layer{background-color:#FFFFFF;}.elementor-4461 .elementor-element.elementor-element-42b8e30f > .elementor-element-populated{transition:background 0.3s, border 0.3s, border-radius 0.3s, box-shadow 0.3s;padding:10px 20px 10px 10px;}.elementor-4461 .elementor-element.elementor-element-42b8e30f > .elementor-element-populated > .elementor-background-overlay{transition:background 0.3s, border-radius 0.3s, opacity 0.3s;}.elementor-4461 .elementor-element.elementor-element-54901612 > .elementor-element-populated{transition:background 0.3s, border 0.3s, border-radius 0.3s, box-shadow 0.3s;padding:10px 10px 40px 40px;}.elementor-4461 .elementor-element.elementor-element-54901612 > .elementor-element-populated > .elementor-background-overlay{transition:background 0.3s, border-radius 0.3s, opacity 0.3s;}.elementor-4461 .elementor-element.elementor-element-2994b744:not(.elementor-motion-effects-element-type-background), .elementor-4461 .elementor-element.elementor-element-2994b744 > .elementor-motion-effects-container > .elementor-motion-effects-layer{background-image:url(\"https:\/\/beautytour.ee\/wp-content\/uploads\/2023\/04\/cosmetician-holds-syringe-with-injection-of-botox.jpg\");background-position:center center;background-repeat:no-repeat;background-size:cover;}.elementor-4461 .elementor-element.elementor-element-2994b744 > .elementor-background-overlay{background-color:var( --e-global-color-primary );opacity:0.85;transition:background 0.3s, border-radius 0.3s, opacity 0.3s;}.elementor-4461 .elementor-element.elementor-element-2994b744, .elementor-4461 .elementor-element.elementor-element-2994b744 > .elementor-background-overlay{border-radius:10px 10px 10px 10px;}.elementor-4461 .elementor-element.elementor-element-2994b744{transition:background 0.3s, border 0.3s, border-radius 0.3s, box-shadow 0.3s;margin-top:40px;margin-bottom:0px;padding:40px 40px 40px 40px;}.elementor-4461 .elementor-element.elementor-element-7bd9df94 .elementor-heading-title{font-family:var( --e-global-typography-a89b1a5-font-family ), Sans-serif;font-size:var( --e-global-typography-a89b1a5-font-size );font-weight:var( --e-global-typography-a89b1a5-font-weight );line-height:var( --e-global-typography-a89b1a5-line-height );letter-spacing:var( --e-global-typography-a89b1a5-letter-spacing );word-spacing:var( --e-global-typography-a89b1a5-word-spacing );color:var( --e-global-color-3eec7ca );}.elementor-4461 .elementor-element.elementor-element-74c0faa1{font-family:var( --e-global-typography-text-font-family ), Sans-serif;font-size:var( --e-global-typography-text-font-size );font-weight:var( --e-global-typography-text-font-weight );line-height:var( --e-global-typography-text-line-height );color:var( --e-global-color-a0b5919 );}.elementor-4461 .elementor-element.elementor-element-237617 .elementor-icon-list-items:not(.elementor-inline-items) .elementor-icon-list-item:not(:last-child){padding-block-end:calc(10px\/2);}.elementor-4461 .elementor-element.elementor-element-237617 .elementor-icon-list-items:not(.elementor-inline-items) .elementor-icon-list-item:not(:first-child){margin-block-start:calc(10px\/2);}.elementor-4461 .elementor-element.elementor-element-237617 .elementor-icon-list-items.elementor-inline-items .elementor-icon-list-item{margin-inline:calc(10px\/2);}.elementor-4461 .elementor-element.elementor-element-237617 .elementor-icon-list-items.elementor-inline-items{margin-inline:calc(-10px\/2);}.elementor-4461 .elementor-element.elementor-element-237617 .elementor-icon-list-items.elementor-inline-items .elementor-icon-list-item:after{inset-inline-end:calc(-10px\/2);}.elementor-4461 .elementor-element.elementor-element-237617 .elementor-icon-list-icon i{color:var( --e-global-color-secondary );transition:color 0.3s;}.elementor-4461 .elementor-element.elementor-element-237617 .elementor-icon-list-icon svg{fill:var( --e-global-color-secondary );transition:fill 0.3s;}.elementor-4461 .elementor-element.elementor-element-237617{--e-icon-list-icon-size:14px;--icon-vertical-offset:0px;}.elementor-4461 .elementor-element.elementor-element-237617 .elementor-icon-list-icon{padding-inline-end:5px;}.elementor-4461 .elementor-element.elementor-element-237617 .elementor-icon-list-item > .elementor-icon-list-text, .elementor-4461 .elementor-element.elementor-element-237617 .elementor-icon-list-item > a{font-family:var( --e-global-typography-text-font-family ), Sans-serif;font-size:var( --e-global-typography-text-font-size );font-weight:var( --e-global-typography-text-font-weight );line-height:var( --e-global-typography-text-line-height );}.elementor-4461 .elementor-element.elementor-element-237617 .elementor-icon-list-text{color:var( --e-global-color-3eec7ca );transition:color 0.3s;}@media(max-width:1024px){.elementor-4461 .elementor-element.elementor-element-7be43611{padding:80px 10px 80px 10px;}.elementor-4461 .elementor-element.elementor-element-153d3ccf .jeg-elementor-kit.jkit-post-title .post-title, .elementor-4461 .elementor-element.elementor-element-153d3ccf .jeg-elementor-kit.jkit-post-title .post-title a{font-size:var( --e-global-typography-secondary-font-size );line-height:var( --e-global-typography-secondary-line-height );}.elementor-4461 .elementor-element.elementor-element-153d3ccf > .elementor-widget-container{margin:0px 0px -10px 0px;}.elementor-4461 .elementor-element.elementor-element-33075f38{padding:80px 10px 80px 10px;}.elementor-4461 .elementor-element.elementor-element-42b8e30f > .elementor-element-populated{padding:0px 10px 0px 10px;}.elementor-4461 .elementor-element.elementor-element-54901612 > .elementor-element-populated{margin:60px 0px 0px 0px;--e-column-margin-right:0px;--e-column-margin-left:0px;padding:0px 10px 0px 10px;}.elementor-4461 .elementor-element.elementor-element-7bd9df94 .elementor-heading-title{font-size:var( --e-global-typography-a89b1a5-font-size );line-height:var( --e-global-typography-a89b1a5-line-height );letter-spacing:var( --e-global-typography-a89b1a5-letter-spacing );word-spacing:var( --e-global-typography-a89b1a5-word-spacing );}.elementor-4461 .elementor-element.elementor-element-74c0faa1{font-size:var( --e-global-typography-text-font-size );line-height:var( --e-global-typography-text-line-height );}.elementor-4461 .elementor-element.elementor-element-237617 .elementor-icon-list-item > .elementor-icon-list-text, .elementor-4461 .elementor-element.elementor-element-237617 .elementor-icon-list-item > a{font-size:var( --e-global-typography-text-font-size );line-height:var( --e-global-typography-text-line-height );}}@media(max-width:767px){.elementor-4461 .elementor-element.elementor-element-7be43611{padding:60px 10px 60px 10px;}.elementor-4461 .elementor-element.elementor-element-153d3ccf .jeg-elementor-kit.jkit-post-title .post-title, .elementor-4461 .elementor-element.elementor-element-153d3ccf .jeg-elementor-kit.jkit-post-title .post-title a{font-size:var( --e-global-typography-secondary-font-size );line-height:var( --e-global-typography-secondary-line-height );}.elementor-4461 .elementor-element.elementor-element-33075f38{padding:40px 10px 40px 10px;}.elementor-4461 .elementor-element.elementor-element-54901612 > .elementor-element-populated{margin:40px 0px 0px 0px;--e-column-margin-right:0px;--e-column-margin-left:0px;}.elementor-4461 .elementor-element.elementor-element-2994b744{margin-top:20px;margin-bottom:0px;padding:30px 30px 30px 30px;}.elementor-4461 .elementor-element.elementor-element-7bd9df94 .elementor-heading-title{font-size:var( --e-global-typography-a89b1a5-font-size );line-height:var( --e-global-typography-a89b1a5-line-height );letter-spacing:var( --e-global-typography-a89b1a5-letter-spacing );word-spacing:var( --e-global-typography-a89b1a5-word-spacing );}.elementor-4461 .elementor-element.elementor-element-74c0faa1{font-size:var( --e-global-typography-text-font-size );line-height:var( --e-global-typography-text-line-height );}.elementor-4461 .elementor-element.elementor-element-237617 .elementor-icon-list-item > .elementor-icon-list-text, .elementor-4461 .elementor-element.elementor-element-237617 .elementor-icon-list-item > a{font-size:var( --e-global-typography-text-font-size );line-height:var( --e-global-typography-text-line-height );}}@media(min-width:768px){.elementor-4461 .elementor-element.elementor-element-42b8e30f{width:65%;}.elementor-4461 .elementor-element.elementor-element-54901612{width:35%;}}@media(max-width:1024px) and (min-width:768px){.elementor-4461 .elementor-element.elementor-element-42b8e30f{width:100%;}.elementor-4461 .elementor-element.elementor-element-54901612{width:100%;}}<\/style>\t\t<div data-elementor-type=\"wp-page\" data-elementor-id=\"4461\" class=\"elementor elementor-4461 elementor-1012\" data-elementor-post-type=\"page\">\n\t\t\t\t\t\t<section class=\"elementor-section elementor-top-section elementor-element elementor-element-7be43611 elementor-section-content-middle elementor-section-boxed elementor-section-height-default elementor-section-height-default\" data-id=\"7be43611\" data-element_type=\"section\" data-e-type=\"section\" data-settings=\"{&quot;background_background&quot;:&quot;classic&quot;}\">\n\t\t\t\t\t\t\t<div class=\"elementor-background-overlay\"><\/div>\n\t\t\t\t\t\t\t<div class=\"elementor-container elementor-column-gap-default\">\n\t\t\t\t\t<div class=\"elementor-column elementor-col-100 elementor-top-column elementor-element elementor-element-9161921\" data-id=\"9161921\" data-element_type=\"column\" data-e-type=\"column\">\n\t\t\t<div class=\"elementor-widget-wrap elementor-element-populated\">\n\t\t\t\t\t\t<div class=\"elementor-element elementor-element-153d3ccf elementor-widget elementor-widget-jkit_post_title\" data-id=\"153d3ccf\" data-element_type=\"widget\" data-e-type=\"widget\" data-widget_type=\"jkit_post_title.default\">\n\t\t\t\t<div class=\"elementor-widget-container\">\n\t\t\t\t\t<div  class=\"jeg-elementor-kit jkit-post-title jeg_module___69dee29fab862\" ><h2 class=\"post-title style-color \">Tietosuojak\u00e4yt\u00e4nn\u00f6t<\/h2><\/div>\t\t\t\t<\/div>\n\t\t\t\t<\/div>\n\t\t\t\t\t<\/div>\n\t\t<\/div>\n\t\t\t\t\t<\/div>\n\t\t<\/section>\n\t\t\t\t<section class=\"elementor-section elementor-top-section elementor-element elementor-element-33075f38 elementor-section-boxed elementor-section-height-default elementor-section-height-default\" data-id=\"33075f38\" data-element_type=\"section\" data-e-type=\"section\">\n\t\t\t\t\t\t\t<div class=\"elementor-background-overlay\"><\/div>\n\t\t\t\t\t\t\t<div class=\"elementor-container elementor-column-gap-default\">\n\t\t\t\t\t<div class=\"elementor-column elementor-col-50 elementor-top-column elementor-element elementor-element-42b8e30f\" data-id=\"42b8e30f\" data-element_type=\"column\" data-e-type=\"column\" data-settings=\"{&quot;background_background&quot;:&quot;classic&quot;}\">\n\t\t\t<div class=\"elementor-widget-wrap elementor-element-populated\">\n\t\t\t\t\t\t<div class=\"elementor-element elementor-element-49a9244 elementor-widget elementor-widget-text-editor\" data-id=\"49a9244\" data-element_type=\"widget\" data-e-type=\"widget\" data-widget_type=\"text-editor.default\">\n\t\t\t\t<div class=\"elementor-widget-container\">\n\t\t\t\t\t\t\t\t\t<p>fff<\/p>\n\t\t\t\t\t\t\t\t<\/div>\n\t\t\t\t<\/div>\n\t\t\t\t\t<\/div>\n\t\t<\/div>\n\t\t\t\t<div class=\"elementor-column elementor-col-50 elementor-top-column elementor-element elementor-element-54901612\" data-id=\"54901612\" data-element_type=\"column\" data-e-type=\"column\" data-settings=\"{&quot;background_background&quot;:&quot;classic&quot;}\">\n\t\t\t<div class=\"elementor-widget-wrap elementor-element-populated\">\n\t\t\t\t\t\t<section class=\"elementor-section elementor-inner-section elementor-element elementor-element-2994b744 elementor-section-boxed elementor-section-height-default elementor-section-height-default\" data-id=\"2994b744\" data-element_type=\"section\" data-e-type=\"section\" data-settings=\"{&quot;background_background&quot;:&quot;classic&quot;,&quot;sticky&quot;:&quot;top&quot;,&quot;sticky_on&quot;:[&quot;desktop&quot;,&quot;tablet&quot;],&quot;sticky_offset&quot;:50,&quot;sticky_parent&quot;:&quot;yes&quot;,&quot;sticky_effects_offset&quot;:0,&quot;sticky_anchor_link_offset&quot;:0}\">\n\t\t\t\t\t\t\t<div class=\"elementor-background-overlay\"><\/div>\n\t\t\t\t\t\t\t<div class=\"elementor-container elementor-column-gap-no\">\n\t\t\t\t\t<div class=\"elementor-column elementor-col-100 elementor-inner-column elementor-element elementor-element-1da67f6c\" data-id=\"1da67f6c\" data-element_type=\"column\" data-e-type=\"column\">\n\t\t\t<div class=\"elementor-widget-wrap elementor-element-populated\">\n\t\t\t\t\t\t<div class=\"elementor-element elementor-element-7bd9df94 elementor-widget elementor-widget-heading\" data-id=\"7bd9df94\" data-element_type=\"widget\" data-e-type=\"widget\" data-widget_type=\"heading.default\">\n\t\t\t\t<div class=\"elementor-widget-container\">\n\t\t\t\t\t<h4 class=\"elementor-heading-title elementor-size-default\">Kysymyksej\u00e4?<\/h4>\t\t\t\t<\/div>\n\t\t\t\t<\/div>\n\t\t\t\t<div class=\"elementor-element elementor-element-74c0faa1 elementor-widget elementor-widget-text-editor\" data-id=\"74c0faa1\" data-element_type=\"widget\" data-e-type=\"widget\" data-widget_type=\"text-editor.default\">\n\t\t\t\t<div class=\"elementor-widget-container\">\n\t\t\t\t\t\t\t\t\t<p>Ota yhteytt\u00e4 saadaksesi lis\u00e4tietoja puhelimitse tai s\u00e4hk\u00f6postitse.<\/p>\n\t\t\t\t\t\t\t\t<\/div>\n\t\t\t\t<\/div>\n\t\t\t\t<div class=\"elementor-element elementor-element-237617 elementor-icon-list--layout-traditional elementor-list-item-link-full_width elementor-widget elementor-widget-icon-list\" data-id=\"237617\" data-element_type=\"widget\" data-e-type=\"widget\" data-widget_type=\"icon-list.default\">\n\t\t\t\t<div class=\"elementor-widget-container\">\n\t\t\t\t\t\t\t<ul class=\"elementor-icon-list-items\">\n\t\t\t\t\t\t\t<li class=\"elementor-icon-list-item\">\n\t\t\t\t\t\t\t\t\t\t\t<a href=\"\">\n\n\t\t\t\t\t\t\t\t\t\t\t\t<span class=\"elementor-icon-list-icon\">\n\t\t\t\t\t\t\t<svg aria-hidden=\"true\" class=\"e-font-icon-svg e-fas-phone-alt\" viewBox=\"0 0 512 512\" xmlns=\"http:\/\/www.w3.org\/2000\/svg\"><path d=\"M497.39 361.8l-112-48a24 24 0 0 0-28 6.9l-49.6 60.6A370.66 370.66 0 0 1 130.6 204.11l60.6-49.6a23.94 23.94 0 0 0 6.9-28l-48-112A24.16 24.16 0 0 0 122.6.61l-104 24A24 24 0 0 0 0 48c0 256.5 207.9 464 464 464a24 24 0 0 0 23.4-18.6l24-104a24.29 24.29 0 0 0-14.01-27.6z\"><\/path><\/svg>\t\t\t\t\t\t<\/span>\n\t\t\t\t\t\t\t\t\t\t<span class=\"elementor-icon-list-text\">(+372) 56 454 676<\/span>\n\t\t\t\t\t\t\t\t\t\t\t<\/a>\n\t\t\t\t\t\t\t\t\t<\/li>\n\t\t\t\t\t\t\t\t<li class=\"elementor-icon-list-item\">\n\t\t\t\t\t\t\t\t\t\t\t<a href=\"mailto:info@beautytour.ee\">\n\n\t\t\t\t\t\t\t\t\t\t\t\t<span class=\"elementor-icon-list-icon\">\n\t\t\t\t\t\t\t<svg aria-hidden=\"true\" class=\"e-font-icon-svg e-far-envelope\" viewBox=\"0 0 512 512\" xmlns=\"http:\/\/www.w3.org\/2000\/svg\"><path d=\"M464 64H48C21.49 64 0 85.49 0 112v288c0 26.51 21.49 48 48 48h416c26.51 0 48-21.49 48-48V112c0-26.51-21.49-48-48-48zm0 48v40.805c-22.422 18.259-58.168 46.651-134.587 106.49-16.841 13.247-50.201 45.072-73.413 44.701-23.208.375-56.579-31.459-73.413-44.701C106.18 199.465 70.425 171.067 48 152.805V112h416zM48 400V214.398c22.914 18.251 55.409 43.862 104.938 82.646 21.857 17.205 60.134 55.186 103.062 54.955 42.717.231 80.509-37.199 103.053-54.947 49.528-38.783 82.032-64.401 104.947-82.653V400H48z\"><\/path><\/svg>\t\t\t\t\t\t<\/span>\n\t\t\t\t\t\t\t\t\t\t<span class=\"elementor-icon-list-text\">info@beautytour.ee<\/span>\n\t\t\t\t\t\t\t\t\t\t\t<\/a>\n\t\t\t\t\t\t\t\t\t<\/li>\n\t\t\t\t\t\t<\/ul>\n\t\t\t\t\t\t<\/div>\n\t\t\t\t<\/div>\n\t\t\t\t\t<\/div>\n\t\t<\/div>\n\t\t\t\t\t<\/div>\n\t\t<\/section>\n\t\t\t\t\t<\/div>\n\t\t<\/div>\n\t\t\t\t\t<\/div>\n\t\t<\/section>\n\t\t\t\t<\/div>\n\t\t","protected":false},"excerpt":{"rendered":"<p>fff Kysymyksej\u00e4? Ota yhteytt\u00e4 saadaksesi lis\u00e4tietoja puhelimitse tai s\u00e4hk\u00f6postitse. (+372) 56 454 676 info@beautytour.ee<\/p>\n","protected":false},"author":2,"featured_media":0,"parent":0,"menu_order":0,"comment_status":"closed","ping_status":"closed","template":"","meta":{"footnotes":""},"class_list":["post-4461","page","type-page","status-publish","hentry"],"_links":{"self":[{"href":"https:\/\/beautytour.ee\/fi\/wp-json\/wp\/v2\/pages\/4461","targetHints":{"allow":["GET"]}}],"collection":[{"href":"https:\/\/beautytour.ee\/fi\/wp-json\/wp\/v2\/pages"}],"about":[{"href":"https:\/\/beautytour.ee\/fi\/wp-json\/wp\/v2\/types\/page"}],"author":[{"embeddable":true,"href":"https:\/\/beautytour.ee\/fi\/wp-json\/wp\/v2\/users\/2"}],"replies":[{"embeddable":true,"href":"https:\/\/beautytour.ee\/fi\/wp-json\/wp\/v2\/comments?post=4461"}],"version-history":[{"count":1,"href":"https:\/\/beautytour.ee\/fi\/wp-json\/wp\/v2\/pages\/4461\/revisions"}],"predecessor-version":[{"id":4462,"href":"https:\/\/beautytour.ee\/fi\/wp-json\/wp\/v2\/pages\/4461\/revisions\/4462"}],"wp:attachment":[{"href":"https:\/\/beautytour.ee\/fi\/wp-json\/wp\/v2\/media?parent=4461"}],"curies":[{"name":"wp","href":"https:\/\/api.w.org\/{rel}","templated":true}]}}