{"id":3372,"date":"2023-04-13T16:02:12","date_gmt":"2023-04-13T13:02:12","guid":{"rendered":"https:\/\/beautytour.ee\/laaketieteellinen-kyselylomake\/"},"modified":"2026-04-08T12:01:31","modified_gmt":"2026-04-08T09:01:31","slug":"laaketieteellinen-kyselylomake","status":"publish","type":"page","link":"https:\/\/beautytour.ee\/fi\/ilmainen-konsultointi\/laaketieteellinen-kyselylomake\/","title":{"rendered":"L\u00e4\u00e4ketieteellinen kyselylomake"},"content":{"rendered":"<p>Otamme pian k\u00e4ytt\u00f6\u00f6n uuden j\u00e4rjestelm\u00e4n.<\/p>\n<style>\/*! elementor - v3.13.3 - 28-05-2023 *\/\n.elementor-heading-title{padding:0;margin:0;line-height:1}.elementor-widget-heading .elementor-heading-title[class*=elementor-size-]>a{color:inherit;font-size:inherit;line-height:inherit}.elementor-widget-heading .elementor-heading-title.elementor-size-small{font-size:15px}.elementor-widget-heading .elementor-heading-title.elementor-size-medium{font-size:19px}.elementor-widget-heading .elementor-heading-title.elementor-size-large{font-size:29px}.elementor-widget-heading .elementor-heading-title.elementor-size-xl{font-size:39px}.elementor-widget-heading .elementor-heading-title.elementor-size-xxl{font-size:59px}<\/style>\n<h4>Kysymyksej\u00e4?<\/h4>\n<p>Ota yhteytt\u00e4 saadaksesi lis\u00e4tietoja puhelimitse tai s\u00e4hk\u00f6postitse.<\/p>\n<link rel=\"stylesheet\" href=\"https:\/\/beautytour.ee\/wp-content\/plugins\/elementor\/assets\/css\/widget-icon-list.min.css\">\n<ul>\n<li>\n\t\t\t\t\t\t\t\t\t\t\t<a href=\"tel:+37256454676\"><br \/>\n\t\t\t\t\t\t\t<svg aria-hidden=\"true\" viewBox=\"0 0 512 512\" xmlns=\"http:\/\/www.w3.org\/2000\/svg\"><path d=\"M497.39 361.8l-112-48a24 24 0 0 0-28 6.9l-49.6 60.6A370.66 370.66 0 0 1 130.6 204.11l60.6-49.6a23.94 23.94 0 0 0 6.9-28l-48-112A24.16 24.16 0 0 0 122.6.61l-104 24A24 24 0 0 0 0 48c0 256.5 207.9 464 464 464a24 24 0 0 0 23.4-18.6l24-104a24.29 24.29 0 0 0-14.01-27.6z\"><\/path><\/svg><br \/>\n\t\t\t\t\t\t\t\t\t\t(+372) 56 454 676<br \/>\n\t\t\t\t\t\t\t\t\t\t\t<\/a>\n\t\t\t\t\t\t\t\t\t<\/li>\n<li>\n\t\t\t\t\t\t\t\t\t\t\t<a href=\"mailto:info@beautytour.ee\"><br \/>\n\t\t\t\t\t\t\t<svg aria-hidden=\"true\" viewBox=\"0 0 512 512\" xmlns=\"http:\/\/www.w3.org\/2000\/svg\"><path d=\"M464 64H48C21.49 64 0 85.49 0 112v288c0 26.51 21.49 48 48 48h416c26.51 0 48-21.49 48-48V112c0-26.51-21.49-48-48-48zm0 48v40.805c-22.422 18.259-58.168 46.651-134.587 106.49-16.841 13.247-50.201 45.072-73.413 44.701-23.208.375-56.579-31.459-73.413-44.701C106.18 199.465 70.425 171.067 48 152.805V112h416zM48 400V214.398c22.914 18.251 55.409 43.862 104.938 82.646 21.857 17.205 60.134 55.186 103.062 54.955 42.717.231 80.509-37.199 103.053-54.947 49.528-38.783 82.032-64.401 104.947-82.653V400H48z\"><\/path><\/svg><br \/>\n\t\t\t\t\t\t\t\t\t\tinfo@beautytour.ee<br \/>\n\t\t\t\t\t\t\t\t\t\t\t<\/a>\n\t\t\t\t\t\t\t\t\t<\/li>\n<\/ul>\n","protected":false},"excerpt":{"rendered":"<p>Otamme pian k\u00e4ytt\u00f6\u00f6n uuden j\u00e4rjestelm\u00e4n. Kysymyksej\u00e4? Ota yhteytt\u00e4 saadaksesi lis\u00e4tietoja puhelimitse tai s\u00e4hk\u00f6postitse. (+372) 56 454 676 info@beautytour.ee<\/p>\n","protected":false},"author":2,"featured_media":0,"parent":3848,"menu_order":0,"comment_status":"closed","ping_status":"closed","template":"","meta":{"footnotes":""},"class_list":["post-3372","page","type-page","status-publish","hentry"],"_links":{"self":[{"href":"https:\/\/beautytour.ee\/fi\/wp-json\/wp\/v2\/pages\/3372","targetHints":{"allow":["GET"]}}],"collection":[{"href":"https:\/\/beautytour.ee\/fi\/wp-json\/wp\/v2\/pages"}],"about":[{"href":"https:\/\/beautytour.ee\/fi\/wp-json\/wp\/v2\/types\/page"}],"author":[{"embeddable":true,"href":"https:\/\/beautytour.ee\/fi\/wp-json\/wp\/v2\/users\/2"}],"replies":[{"embeddable":true,"href":"https:\/\/beautytour.ee\/fi\/wp-json\/wp\/v2\/comments?post=3372"}],"version-history":[{"count":2,"href":"https:\/\/beautytour.ee\/fi\/wp-json\/wp\/v2\/pages\/3372\/revisions"}],"predecessor-version":[{"id":4454,"href":"https:\/\/beautytour.ee\/fi\/wp-json\/wp\/v2\/pages\/3372\/revisions\/4454"}],"up":[{"embeddable":true,"href":"https:\/\/beautytour.ee\/fi\/wp-json\/wp\/v2\/pages\/3848"}],"wp:attachment":[{"href":"https:\/\/beautytour.ee\/fi\/wp-json\/wp\/v2\/media?parent=3372"}],"curies":[{"name":"wp","href":"https:\/\/api.w.org\/{rel}","templated":true}]}}